{"id":606,"date":"2024-06-05T20:07:08","date_gmt":"2024-06-06T00:07:08","guid":{"rendered":"http:\/\/v2.goorthodontistes.com\/faq"},"modified":"2024-11-20T01:40:03","modified_gmt":"2024-11-20T01:40:03","slug":"faq","status":"publish","type":"page","link":"https:\/\/goorthodontistes.com\/fr\/faq","title":{"rendered":"FAQ"},"content":{"rendered":"[vc_row type=\u00a0\u00bbin_container\u00a0\u00bb full_screen_row_position=\u00a0\u00bbmiddle\u00a0\u00bb column_margin=\u00a0\u00bbdefault\u00a0\u00bb column_direction=\u00a0\u00bbdefault\u00a0\u00bb column_direction_tablet=\u00a0\u00bbdefault\u00a0\u00bb column_direction_phone=\u00a0\u00bbdefault\u00a0\u00bb scene_position=\u00a0\u00bbcenter\u00a0\u00bb top_padding=\u00a0\u00bb3%\u00a0\u00bb text_color=\u00a0\u00bbdark\u00a0\u00bb text_align=\u00a0\u00bbleft\u00a0\u00bb row_border_radius=\u00a0\u00bbnone\u00a0\u00bb row_border_radius_applies=\u00a0\u00bbbg\u00a0\u00bb overflow=\u00a0\u00bbvisible\u00a0\u00bb overlay_strength=\u00a0\u00bb0.3&Prime; gradient_direction=\u00a0\u00bbleft_to_right\u00a0\u00bb shape_divider_position=\u00a0\u00bbbottom\u00a0\u00bb bg_image_animation=\u00a0\u00bbnone\u00a0\u00bb gradient_type=\u00a0\u00bbdefault\u00a0\u00bb shape_type=\u00a0\u00bb\u00a0\u00bb][vc_column column_padding=\u00a0\u00bbpadding-1-percent\u00a0\u00bb column_padding_tablet=\u00a0\u00bbinherit\u00a0\u00bb column_padding_phone=\u00a0\u00bbinherit\u00a0\u00bb column_padding_position=\u00a0\u00bball\u00a0\u00bb column_element_direction_desktop=\u00a0\u00bbdefault\u00a0\u00bb column_element_spacing=\u00a0\u00bbdefault\u00a0\u00bb desktop_text_alignment=\u00a0\u00bbdefault\u00a0\u00bb tablet_text_alignment=\u00a0\u00bbdefault\u00a0\u00bb phone_text_alignment=\u00a0\u00bbdefault\u00a0\u00bb background_color_opacity=\u00a0\u00bb1&Prime; background_hover_color_opacity=\u00a0\u00bb1&Prime; column_backdrop_filter=\u00a0\u00bbnone\u00a0\u00bb column_shadow=\u00a0\u00bbnone\u00a0\u00bb column_border_radius=\u00a0\u00bbnone\u00a0\u00bb column_link_target=\u00a0\u00bb_self\u00a0\u00bb column_position=\u00a0\u00bbdefault\u00a0\u00bb gradient_direction=\u00a0\u00bbleft_to_right\u00a0\u00bb overlay_strength=\u00a0\u00bb0.3&Prime; width=\u00a0\u00bb2\/3&Prime; tablet_width_inherit=\u00a0\u00bbdefault\u00a0\u00bb animation_type=\u00a0\u00bbdefault\u00a0\u00bb bg_image_animation=\u00a0\u00bbnone\u00a0\u00bb border_type=\u00a0\u00bbsimple\u00a0\u00bb column_border_width=\u00a0\u00bbnone\u00a0\u00bb column_border_style=\u00a0\u00bbsolid\u00a0\u00bb column_padding_type=\u00a0\u00bbdefault\u00a0\u00bb gradient_type=\u00a0\u00bbdefault\u00a0\u00bb][toggles style=\u00a0\u00bbminimal\u00a0\u00bb][toggle color=\u00a0\u00bbDefault\u00a0\u00bb heading_tag=\u00a0\u00bbdefault\u00a0\u00bb heading_tag_functionality=\u00a0\u00bbdefault\u00a0\u00bb title=\u00a0\u00bbPourquoi choisir un sp\u00e9cialiste en orthodontie ?\u00a0\u00bb][vc_column_text css=\u00a0\u00bb\u00a0\u00bb text_direction=\u00a0\u00bbdefault\u00a0\u00bb]L\u2019orthodontiste est un sp\u00e9cialiste dentaire qui a suivi plusieurs ann\u00e9es de formation post-universitaire, apr\u00e8s l\u2019obtention de son dipl\u00f4me de dentisterie, afin d\u2019acqu\u00e9rir les connaissances, la formation et l\u2019exp\u00e9rience n\u00e9cessaires pour traiter les probl\u00e8mes orthodontiques selon les plus hautes normes d\u2019excellence. Les orthodontistes d\u00e9dient leur pratique uniquement au traitement des probl\u00e8mes orthodontiques et acqui\u00e8rent ainsi une vaste exp\u00e9rience de traitement d\u2019une grande vari\u00e9t\u00e9 de cas. Bien que les dentistes g\u00e9n\u00e9ralistes soient autoris\u00e9s \u00e0 pratiquer l&rsquo;orthodontie et \u00e0 traiter des cas, ils ne sont pas des sp\u00e9cialistes de l&rsquo;orthodontie.[\/vc_column_text][\/toggle][toggle color=\u00a0\u00bbDefault\u00a0\u00bb heading_tag=\u00a0\u00bbdefault\u00a0\u00bb heading_tag_functionality=\u00a0\u00bbdefault\u00a0\u00bb title=\u00a0\u00bbComment savoir si un traitement orthodontique est n\u00e9cessaire ?\u00a0\u00bb][vc_column_text css=\u00a0\u00bb\u00a0\u00bb text_direction=\u00a0\u00bbdefault\u00a0\u00bb]Aligner ses dents pour avoir un sourire harmonieux et en sant\u00e9 peut consid\u00e9rablement am\u00e9liorer la confiance en soi et l&rsquo;appr\u00e9ciation de l&rsquo;image de soi. De plus, si les dents ou la m\u00e2choire ne se positionnent pas correctement, un traitement orthodontique peut am\u00e9liorer leur alignement afin de favoriser une meilleure fonction et une meilleure sant\u00e9. S&rsquo;ils ne sont pas trait\u00e9s \u00e0 temps, ces probl\u00e8mes, souvent appel\u00e9s malocclusions, peuvent entra\u00eener des difficult\u00e9s d&rsquo;\u00e9locution, une usure pr\u00e9matur\u00e9e des dents et m\u00eame augmenter le risque de blessures aux dents et aux articulations de la m\u00e2choire.[\/vc_column_text][\/toggle][toggle color=\u00a0\u00bbDefault\u00a0\u00bb heading_tag=\u00a0\u00bbdefault\u00a0\u00bb heading_tag_functionality=\u00a0\u00bbdefault\u00a0\u00bb title=\u00a0\u00bb\u00c0 quel \u00e2ge devrais-je pr\u00e9voir un rendez-vous d\u2019\u00e9valuation orthodontique?\u00a0\u00bb][vc_column_text css=\u00a0\u00bb\u00a0\u00bb text_direction=\u00a0\u00bbdefault\u00a0\u00bb]L\u2019association am\u00e9ricaine des orthodontistes recommande une \u00e9valuation orthodontique d\u00e8s l\u2019\u00e2ge de 7 ans. \u00c0 cet \u00e2ge, plusieurs dents permanentes sont d\u00e9j\u00e0 en place chez la plupart des enfants, ce qui nous permet d\u2019\u00e9valuer efficacement la condition orthodontique. Bien qu\u2019un traitement ne soit pas forc\u00e9ment n\u00e9cessaire \u00e0 cet \u00e2ge, notre \u00e9quipe peut surveiller la croissance et l\u2019alignement des dents et traiter tout probl\u00e8me orthodontique pouvant survenir. Cela permet d&rsquo;\u00e9viter des interventions plus complexes et co\u00fbteuses lorsque le patient sera plus \u00e2g\u00e9.[\/vc_column_text][\/toggle][toggle color=\u00a0\u00bbDefault\u00a0\u00bb heading_tag=\u00a0\u00bbdefault\u00a0\u00bb heading_tag_functionality=\u00a0\u00bbdefault\u00a0\u00bb title=\u00a0\u00bbLe traitement orthodontique peut-il commencer pendant que mon enfant a encore ses dents de lait?\u00a0\u00bb][vc_column_text css=\u00a0\u00bb\u00a0\u00bb text_direction=\u00a0\u00bbdefault\u00a0\u00bb]Oui. Certains probl\u00e8mes orthodontiques sont suffisamment importants pour n\u00e9cessiter une intervention pr\u00e9coce, tel que le chevauchement et la diff\u00e9rence de taille entre les m\u00e2choires sup\u00e9rieure et inf\u00e9rieure. Au besoin, une premi\u00e8re phase de traitement orthodontique peut commencer entre 7 et 10 ans, et dure environ 16 \u00e0 21 mois. L&rsquo;objectif principal de ce traitement est de traiter les probl\u00e8mes orthodontiques importants afin d&rsquo;\u00e9viter qu&rsquo;ils ne s&rsquo;aggravent et d&rsquo;am\u00e9liorer l&rsquo;image de soi si elle est affect\u00e9e par le probl\u00e8me orthodontique.[\/vc_column_text][\/toggle][toggle color=\u00a0\u00bbDefault\u00a0\u00bb heading_tag=\u00a0\u00bbdefault\u00a0\u00bb heading_tag_functionality=\u00a0\u00bbdefault\u00a0\u00bb title=\u00a0\u00bbLes dents de mon enfant s\u2019aligneront-elles en grandissant?\u00a0\u00bb][vc_column_text css=\u00a0\u00bb\u00a0\u00bb text_direction=\u00a0\u00bbdefault\u00a0\u00bb]Non, ce n&rsquo;est pas le cas. L\u2019espace disponible pour les dents ant\u00e9rieures (en avant) ne s\u2019\u00e9largit pas avec la croissance. En g\u00e9n\u00e9ral, apr\u00e8s l\u2019\u00e9ruption des molaires permanentes, l\u2019espace disponible pour les dents ant\u00e9rieures diminue avec l\u2019\u00e2ge.[\/vc_column_text][\/toggle][toggle color=\u00a0\u00bbDefault\u00a0\u00bb heading_tag=\u00a0\u00bbdefault\u00a0\u00bb heading_tag_functionality=\u00a0\u00bbdefault\u00a0\u00bb title=\u00a0\u00bbInvisalign convient-il aux enfants et aux adolescents ?\u00a0\u00bb][vc_column_text css=\u00a0\u00bb\u00a0\u00bb text_direction=\u00a0\u00bbdefault\u00a0\u00bb]Oui ! La liste des avantages est longue : Les patients ressentent beaucoup moins de douleur qu&rsquo;avec des broches en m\u00e9tal, car le mouvement des dents est beaucoup plus r\u00e9gulier et discret. Il n&rsquo;y a pas de fils ou de broches m\u00e9talliques qui peuvent blesser la bouche ou se casser et n\u00e9cessiter une visite d&rsquo;urgence. Cela signifie \u00e9galement que les patients peuvent manger tout ce qu&rsquo;ils veulent ! L&rsquo;absence de fils et de broches facilite \u00e9galement le brossage des dents et l&rsquo;utilisation du fil de soie dentaire, ce qui est excellent pour l&rsquo;hygi\u00e8ne des dents et des gencives.[\/vc_column_text][\/toggle][toggle color=\u00a0\u00bbDefault\u00a0\u00bb heading_tag=\u00a0\u00bbdefault\u00a0\u00bb heading_tag_functionality=\u00a0\u00bbdefault\u00a0\u00bb title=\u00a0\u00bbInvisalign est-il aussi efficace que les broches m\u00e9talliques traditionnelles ?\u00a0\u00bb][vc_column_text css=\u00a0\u00bb\u00a0\u00bb text_direction=\u00a0\u00bbdefault\u00a0\u00bb]Lorsque les goutti\u00e8res Invisalign sont con\u00e7ues et cr\u00e9\u00e9es par un orthodontiste comp\u00e9tent et exp\u00e9riment\u00e9, le d\u00e9placement des dents est aussi efficace et pr\u00e9cis qu&rsquo;avec des appareils fixes. De plus, certains types de mouvements dentaires peuvent \u00eatre encore plus rapides avec Invisalign qu&rsquo;avec des broches traditionnelles ! Il y a \u00e9galement certains types de cas avec lesquels on obtient de meilleurs r\u00e9sultats avec Invisalign qu&rsquo;avec les broches traditionnelles. En raison du nombre r\u00e9duit de visites d&rsquo;urgence pour cause de bris de fixations et de fils, le traitement peut \u00e9galement \u00eatre plus rapide et plus efficace avec Invisalign ![\/vc_column_text][\/toggle][\/toggles][\/vc_column][vc_column column_padding=\u00a0\u00bbpadding-1-percent\u00a0\u00bb column_padding_tablet=\u00a0\u00bbinherit\u00a0\u00bb column_padding_phone=\u00a0\u00bbinherit\u00a0\u00bb column_padding_position=\u00a0\u00bball\u00a0\u00bb column_element_direction_desktop=\u00a0\u00bbdefault\u00a0\u00bb column_element_spacing=\u00a0\u00bbdefault\u00a0\u00bb desktop_text_alignment=\u00a0\u00bbdefault\u00a0\u00bb tablet_text_alignment=\u00a0\u00bbdefault\u00a0\u00bb phone_text_alignment=\u00a0\u00bbdefault\u00a0\u00bb background_color_opacity=\u00a0\u00bb1&Prime; background_hover_color_opacity=\u00a0\u00bb1&Prime; column_backdrop_filter=\u00a0\u00bbnone\u00a0\u00bb column_shadow=\u00a0\u00bbnone\u00a0\u00bb column_border_radius=\u00a0\u00bbnone\u00a0\u00bb column_link_target=\u00a0\u00bb_self\u00a0\u00bb column_position=\u00a0\u00bbdefault\u00a0\u00bb gradient_direction=\u00a0\u00bbleft_to_right\u00a0\u00bb overlay_strength=\u00a0\u00bb0.3&Prime; width=\u00a0\u00bb1\/3&Prime; tablet_width_inherit=\u00a0\u00bbdefault\u00a0\u00bb animation_type=\u00a0\u00bbdefault\u00a0\u00bb bg_image_animation=\u00a0\u00bbnone\u00a0\u00bb border_type=\u00a0\u00bbsimple\u00a0\u00bb column_border_width=\u00a0\u00bbnone\u00a0\u00bb column_border_style=\u00a0\u00bbsolid\u00a0\u00bb column_padding_type=\u00a0\u00bbdefault\u00a0\u00bb gradient_type=\u00a0\u00bbdefault\u00a0\u00bb][image_with_animation image_url=\u00a0\u00bb174&Prime; image_size=\u00a0\u00bbfull\u00a0\u00bb animation_type=\u00a0\u00bbentrance\u00a0\u00bb animation=\u00a0\u00bbNone\u00a0\u00bb animation_movement_type=\u00a0\u00bbtransform_y\u00a0\u00bb hover_animation=\u00a0\u00bbnone\u00a0\u00bb alignment=\u00a0\u00bb\u00a0\u00bb border_radius=\u00a0\u00bb15px\u00a0\u00bb box_shadow=\u00a0\u00bbnone\u00a0\u00bb image_loading=\u00a0\u00bbdefault\u00a0\u00bb max_width=\u00a0\u00bb100%\u00a0\u00bb max_width_mobile=\u00a0\u00bbdefault\u00a0\u00bb][\/vc_column][\/vc_row]\n","protected":false},"excerpt":{"rendered":"<p>[vc_row type=\u00a0\u00bbin_container\u00a0\u00bb full_screen_row_position=\u00a0\u00bbmiddle\u00a0\u00bb column_margin=\u00a0\u00bbdefault\u00a0\u00bb column_direction=\u00a0\u00bbdefault\u00a0\u00bb column_direction_tablet=\u00a0\u00bbdefault\u00a0\u00bb column_direction_phone=\u00a0\u00bbdefault\u00a0\u00bb scene_position=\u00a0\u00bbcenter\u00a0\u00bb top_padding=\u00a0\u00bb3%\u00a0\u00bb text_color=\u00a0\u00bbdark\u00a0\u00bb text_align=\u00a0\u00bbleft\u00a0\u00bb row_border_radius=\u00a0\u00bbnone\u00a0\u00bb row_border_radius_applies=\u00a0\u00bbbg\u00a0\u00bb overflow=\u00a0\u00bbvisible\u00a0\u00bb overlay_strength=\u00a0\u00bb0.3&Prime; gradient_direction=\u00a0\u00bbleft_to_right\u00a0\u00bb shape_divider_position=\u00a0\u00bbbottom\u00a0\u00bb bg_image_animation=\u00a0\u00bbnone\u00a0\u00bb gradient_type=\u00a0\u00bbdefault\u00a0\u00bb shape_type=\u00a0\u00bb\u00a0\u00bb][vc_column column_padding=\u00a0\u00bbpadding-1-percent\u00a0\u00bb column_padding_tablet=\u00a0\u00bbinherit\u00a0\u00bb column_padding_phone=\u00a0\u00bbinherit\u00a0\u00bb column_padding_position=\u00a0\u00bball\u00a0\u00bb column_element_direction_desktop=\u00a0\u00bbdefault\u00a0\u00bb column_element_spacing=\u00a0\u00bbdefault\u00a0\u00bb desktop_text_alignment=\u00a0\u00bbdefault\u00a0\u00bb tablet_text_alignment=\u00a0\u00bbdefault\u00a0\u00bb phone_text_alignment=\u00a0\u00bbdefault\u00a0\u00bb background_color_opacity=\u00a0\u00bb1&Prime;&#8230;<\/p>\n","protected":false},"author":1,"featured_media":0,"parent":0,"menu_order":0,"comment_status":"closed","ping_status":"closed","template":"","meta":{"footnotes":""},"class_list":["post-606","page","type-page","status-publish"],"yoast_head":"<!-- This site is optimized with the Yoast SEO plugin v25.9 - https:\/\/yoast.com\/wordpress\/plugins\/seo\/ -->\n<title>FAQ - Go Orthodontistes<\/title>\n<meta name=\"robots\" content=\"index, follow, max-snippet:-1, max-image-preview:large, max-video-preview:-1\" \/>\n<link rel=\"canonical\" href=\"https:\/\/goorthodontistes.com\/fr\/faq\" \/>\n<meta property=\"og:locale\" content=\"fr_FR\" \/>\n<meta property=\"og:type\" content=\"article\" \/>\n<meta property=\"og:title\" content=\"FAQ - Go Orthodontistes\" \/>\n<meta property=\"og:description\" content=\"[vc_row type=\u00a0\u00bbin_container\u00a0\u00bb full_screen_row_position=\u00a0\u00bbmiddle\u00a0\u00bb column_margin=\u00a0\u00bbdefault\u00a0\u00bb column_direction=\u00a0\u00bbdefault\u00a0\u00bb column_direction_tablet=\u00a0\u00bbdefault\u00a0\u00bb column_direction_phone=\u00a0\u00bbdefault\u00a0\u00bb scene_position=\u00a0\u00bbcenter\u00a0\u00bb top_padding=\u00a0\u00bb3%\u00a0\u00bb text_color=\u00a0\u00bbdark\u00a0\u00bb text_align=\u00a0\u00bbleft\u00a0\u00bb row_border_radius=\u00a0\u00bbnone\u00a0\u00bb row_border_radius_applies=\u00a0\u00bbbg\u00a0\u00bb overflow=\u00a0\u00bbvisible\u00a0\u00bb overlay_strength=\u00a0\u00bb0.3&Prime; gradient_direction=\u00a0\u00bbleft_to_right\u00a0\u00bb shape_divider_position=\u00a0\u00bbbottom\u00a0\u00bb bg_image_animation=\u00a0\u00bbnone\u00a0\u00bb gradient_type=\u00a0\u00bbdefault\u00a0\u00bb shape_type=\u00a0\u00bb\u00a0\u00bb][vc_column column_padding=\u00a0\u00bbpadding-1-percent\u00a0\u00bb column_padding_tablet=\u00a0\u00bbinherit\u00a0\u00bb column_padding_phone=\u00a0\u00bbinherit\u00a0\u00bb column_padding_position=\u00a0\u00bball\u00a0\u00bb column_element_direction_desktop=\u00a0\u00bbdefault\u00a0\u00bb column_element_spacing=\u00a0\u00bbdefault\u00a0\u00bb desktop_text_alignment=\u00a0\u00bbdefault\u00a0\u00bb tablet_text_alignment=\u00a0\u00bbdefault\u00a0\u00bb phone_text_alignment=\u00a0\u00bbdefault\u00a0\u00bb background_color_opacity=\u00a0\u00bb1&Prime;...\" \/>\n<meta property=\"og:url\" content=\"https:\/\/goorthodontistes.com\/fr\/faq\" \/>\n<meta property=\"og:site_name\" content=\"Go Orthodontistes\" \/>\n<meta property=\"article:publisher\" content=\"https:\/\/www.facebook.com\/goorthodontistes\" \/>\n<meta property=\"article:modified_time\" content=\"2024-11-20T01:40:03+00:00\" \/>\n<meta property=\"og:image\" content=\"https:\/\/goorthodontistes.com\/wp-content\/uploads\/2024\/11\/Artboard-1-80.jpg\" \/>\n\t<meta property=\"og:image:width\" content=\"1200\" \/>\n\t<meta property=\"og:image:height\" content=\"900\" \/>\n\t<meta property=\"og:image:type\" content=\"image\/jpeg\" \/>\n<meta name=\"twitter:card\" content=\"summary_large_image\" \/>\n<meta name=\"twitter:label1\" content=\"Dur\u00e9e de lecture estim\u00e9e\" \/>\n\t<meta name=\"twitter:data1\" content=\"6 minutes\" \/>\n<script type=\"application\/ld+json\" class=\"yoast-schema-graph\">{\"@context\":\"https:\/\/schema.org\",\"@graph\":[{\"@type\":\"WebPage\",\"@id\":\"https:\/\/goorthodontistes.com\/fr\/faq\",\"url\":\"https:\/\/goorthodontistes.com\/fr\/faq\",\"name\":\"FAQ - Go Orthodontistes\",\"isPartOf\":{\"@id\":\"https:\/\/goorthodontistes.com\/#website\"},\"datePublished\":\"2024-06-06T00:07:08+00:00\",\"dateModified\":\"2024-11-20T01:40:03+00:00\",\"breadcrumb\":{\"@id\":\"https:\/\/goorthodontistes.com\/fr\/faq#breadcrumb\"},\"inLanguage\":\"fr-FR\",\"potentialAction\":[{\"@type\":\"ReadAction\",\"target\":[\"https:\/\/goorthodontistes.com\/fr\/faq\"]}]},{\"@type\":\"BreadcrumbList\",\"@id\":\"https:\/\/goorthodontistes.com\/fr\/faq#breadcrumb\",\"itemListElement\":[{\"@type\":\"ListItem\",\"position\":1,\"name\":\"Home\",\"item\":\"https:\/\/goorthodontistes.com\/fr\"},{\"@type\":\"ListItem\",\"position\":2,\"name\":\"FAQ\"}]},{\"@type\":\"WebSite\",\"@id\":\"https:\/\/goorthodontistes.com\/#website\",\"url\":\"https:\/\/goorthodontistes.com\/\",\"name\":\"Go Orthodontistes\",\"description\":\"The Go Orthodontistes clinic is specialized in Invisalign and orthodontic treatment in the region of Montreal and South-Shore\",\"publisher\":{\"@id\":\"https:\/\/goorthodontistes.com\/#organization\"},\"potentialAction\":[{\"@type\":\"SearchAction\",\"target\":{\"@type\":\"EntryPoint\",\"urlTemplate\":\"https:\/\/goorthodontistes.com\/?s={search_term_string}\"},\"query-input\":{\"@type\":\"PropertyValueSpecification\",\"valueRequired\":true,\"valueName\":\"search_term_string\"}}],\"inLanguage\":\"fr-FR\"},{\"@type\":\"Organization\",\"@id\":\"https:\/\/goorthodontistes.com\/#organization\",\"name\":\"Go Orthodontistes\",\"url\":\"https:\/\/goorthodontistes.com\/\",\"logo\":{\"@type\":\"ImageObject\",\"inLanguage\":\"fr-FR\",\"@id\":\"https:\/\/goorthodontistes.com\/#\/schema\/logo\/image\/\",\"url\":\"https:\/\/goorthodontistes.com\/wp-content\/uploads\/2024\/12\/Artboard-1160.png\",\"contentUrl\":\"https:\/\/goorthodontistes.com\/wp-content\/uploads\/2024\/12\/Artboard-1160.png\",\"width\":258,\"height\":457,\"caption\":\"Go Orthodontistes\"},\"image\":{\"@id\":\"https:\/\/goorthodontistes.com\/#\/schema\/logo\/image\/\"},\"sameAs\":[\"https:\/\/www.facebook.com\/goorthodontistes\",\"https:\/\/www.instagram.com\/go_orthodontistes\"]}]}<\/script>\n<!-- \/ Yoast SEO plugin. -->","yoast_head_json":{"title":"FAQ - Go Orthodontistes","robots":{"index":"index","follow":"follow","max-snippet":"max-snippet:-1","max-image-preview":"max-image-preview:large","max-video-preview":"max-video-preview:-1"},"canonical":"https:\/\/goorthodontistes.com\/fr\/faq","og_locale":"fr_FR","og_type":"article","og_title":"FAQ - Go Orthodontistes","og_description":"[vc_row type=\u00a0\u00bbin_container\u00a0\u00bb full_screen_row_position=\u00a0\u00bbmiddle\u00a0\u00bb column_margin=\u00a0\u00bbdefault\u00a0\u00bb column_direction=\u00a0\u00bbdefault\u00a0\u00bb column_direction_tablet=\u00a0\u00bbdefault\u00a0\u00bb column_direction_phone=\u00a0\u00bbdefault\u00a0\u00bb scene_position=\u00a0\u00bbcenter\u00a0\u00bb top_padding=\u00a0\u00bb3%\u00a0\u00bb text_color=\u00a0\u00bbdark\u00a0\u00bb text_align=\u00a0\u00bbleft\u00a0\u00bb row_border_radius=\u00a0\u00bbnone\u00a0\u00bb row_border_radius_applies=\u00a0\u00bbbg\u00a0\u00bb overflow=\u00a0\u00bbvisible\u00a0\u00bb overlay_strength=\u00a0\u00bb0.3&Prime; gradient_direction=\u00a0\u00bbleft_to_right\u00a0\u00bb shape_divider_position=\u00a0\u00bbbottom\u00a0\u00bb bg_image_animation=\u00a0\u00bbnone\u00a0\u00bb gradient_type=\u00a0\u00bbdefault\u00a0\u00bb shape_type=\u00a0\u00bb\u00a0\u00bb][vc_column column_padding=\u00a0\u00bbpadding-1-percent\u00a0\u00bb column_padding_tablet=\u00a0\u00bbinherit\u00a0\u00bb column_padding_phone=\u00a0\u00bbinherit\u00a0\u00bb column_padding_position=\u00a0\u00bball\u00a0\u00bb column_element_direction_desktop=\u00a0\u00bbdefault\u00a0\u00bb column_element_spacing=\u00a0\u00bbdefault\u00a0\u00bb desktop_text_alignment=\u00a0\u00bbdefault\u00a0\u00bb tablet_text_alignment=\u00a0\u00bbdefault\u00a0\u00bb phone_text_alignment=\u00a0\u00bbdefault\u00a0\u00bb background_color_opacity=\u00a0\u00bb1&Prime;...","og_url":"https:\/\/goorthodontistes.com\/fr\/faq","og_site_name":"Go Orthodontistes","article_publisher":"https:\/\/www.facebook.com\/goorthodontistes","article_modified_time":"2024-11-20T01:40:03+00:00","og_image":[{"width":1200,"height":900,"url":"https:\/\/goorthodontistes.com\/wp-content\/uploads\/2024\/11\/Artboard-1-80.jpg","type":"image\/jpeg"}],"twitter_card":"summary_large_image","twitter_misc":{"Dur\u00e9e de lecture estim\u00e9e":"6 minutes"},"schema":{"@context":"https:\/\/schema.org","@graph":[{"@type":"WebPage","@id":"https:\/\/goorthodontistes.com\/fr\/faq","url":"https:\/\/goorthodontistes.com\/fr\/faq","name":"FAQ - Go Orthodontistes","isPartOf":{"@id":"https:\/\/goorthodontistes.com\/#website"},"datePublished":"2024-06-06T00:07:08+00:00","dateModified":"2024-11-20T01:40:03+00:00","breadcrumb":{"@id":"https:\/\/goorthodontistes.com\/fr\/faq#breadcrumb"},"inLanguage":"fr-FR","potentialAction":[{"@type":"ReadAction","target":["https:\/\/goorthodontistes.com\/fr\/faq"]}]},{"@type":"BreadcrumbList","@id":"https:\/\/goorthodontistes.com\/fr\/faq#breadcrumb","itemListElement":[{"@type":"ListItem","position":1,"name":"Home","item":"https:\/\/goorthodontistes.com\/fr"},{"@type":"ListItem","position":2,"name":"FAQ"}]},{"@type":"WebSite","@id":"https:\/\/goorthodontistes.com\/#website","url":"https:\/\/goorthodontistes.com\/","name":"Go Orthodontistes","description":"The Go Orthodontistes clinic is specialized in Invisalign and orthodontic treatment in the region of Montreal and South-Shore","publisher":{"@id":"https:\/\/goorthodontistes.com\/#organization"},"potentialAction":[{"@type":"SearchAction","target":{"@type":"EntryPoint","urlTemplate":"https:\/\/goorthodontistes.com\/?s={search_term_string}"},"query-input":{"@type":"PropertyValueSpecification","valueRequired":true,"valueName":"search_term_string"}}],"inLanguage":"fr-FR"},{"@type":"Organization","@id":"https:\/\/goorthodontistes.com\/#organization","name":"Go Orthodontistes","url":"https:\/\/goorthodontistes.com\/","logo":{"@type":"ImageObject","inLanguage":"fr-FR","@id":"https:\/\/goorthodontistes.com\/#\/schema\/logo\/image\/","url":"https:\/\/goorthodontistes.com\/wp-content\/uploads\/2024\/12\/Artboard-1160.png","contentUrl":"https:\/\/goorthodontistes.com\/wp-content\/uploads\/2024\/12\/Artboard-1160.png","width":258,"height":457,"caption":"Go Orthodontistes"},"image":{"@id":"https:\/\/goorthodontistes.com\/#\/schema\/logo\/image\/"},"sameAs":["https:\/\/www.facebook.com\/goorthodontistes","https:\/\/www.instagram.com\/go_orthodontistes"]}]}},"_links":{"self":[{"href":"https:\/\/goorthodontistes.com\/fr\/wp-json\/wp\/v2\/pages\/606","targetHints":{"allow":["GET"]}}],"collection":[{"href":"https:\/\/goorthodontistes.com\/fr\/wp-json\/wp\/v2\/pages"}],"about":[{"href":"https:\/\/goorthodontistes.com\/fr\/wp-json\/wp\/v2\/types\/page"}],"author":[{"embeddable":true,"href":"https:\/\/goorthodontistes.com\/fr\/wp-json\/wp\/v2\/users\/1"}],"replies":[{"embeddable":true,"href":"https:\/\/goorthodontistes.com\/fr\/wp-json\/wp\/v2\/comments?post=606"}],"version-history":[{"count":2,"href":"https:\/\/goorthodontistes.com\/fr\/wp-json\/wp\/v2\/pages\/606\/revisions"}],"predecessor-version":[{"id":608,"href":"https:\/\/goorthodontistes.com\/fr\/wp-json\/wp\/v2\/pages\/606\/revisions\/608"}],"wp:attachment":[{"href":"https:\/\/goorthodontistes.com\/fr\/wp-json\/wp\/v2\/media?parent=606"}],"curies":[{"name":"wp","href":"https:\/\/api.w.org\/{rel}","templated":true}]}}